{"id":1085,"date":"2016-05-22T08:48:11","date_gmt":"2016-05-22T08:48:11","guid":{"rendered":"https:\/\/ext.m2mgs.com\/?page_id=1085"},"modified":"2019-04-09T15:40:10","modified_gmt":"2019-04-09T15:40:10","slug":"privacy","status":"publish","type":"page","link":"https:\/\/ext.m2mgs.com\/es\/privacy\/","title":{"rendered":"pol\u00edtica de privacidad"},"content":{"rendered":"<div class=\"fusion-fullwidth fullwidth-box fusion-builder-row-1 fusion-flex-container hundred-percent-fullwidth non-hundred-percent-height-scrolling\" style=\"--awb-border-radius-top-left:0px;--awb-border-radius-top-right:0px;--awb-border-radius-bottom-right:0px;--awb-border-radius-bottom-left:0px;--awb-overflow:visible;--awb-flex-wrap:wrap;\" ><div class=\"fusion-builder-row fusion-row fusion-flex-align-items-flex-start fusion-flex-content-wrap\" style=\"width:calc( 100% + 0px ) !important;max-width:calc( 100% + 0px ) !important;margin-left: calc(-0px \/ 2 );margin-right: calc(-0px \/ 2 );\"><div class=\"fusion-layout-column fusion_builder_column fusion-builder-column-0 fusion_builder_column_1_1 1_1 fusion-flex-column fusion-flex-align-self-flex-start fusion-column-no-min-height\" style=\"--awb-bg-size:cover;--awb-width-large:100%;--awb-margin-top-large:0px;--awb-spacing-right-large:0px;--awb-margin-bottom-large:0px;--awb-spacing-left-large:0px;--awb-width-medium:100%;--awb-spacing-right-medium:0px;--awb-spacing-left-medium:0px;--awb-width-small:100%;--awb-spacing-right-small:0px;--awb-spacing-left-small:0px;\"><div class=\"fusion-column-wrapper fusion-flex-justify-content-flex-start fusion-content-layout-column\"><div class=\"fusion-text fusion-text-1\"><h1>Declaraci\u00f3n de pol\u00edtica de privacidad<\/h1>\n<p>M2M Global Solutions Ltd., denominada en el presente como &quot;nosotros&quot;, &quot;nos&quot;, &quot;nuestro&quot; o &quot;M2MGS&quot;, reconoce y respeta la importancia de proteger su privacidad. Como tal, hemos adoptado los principios descritos en esta Declaraci\u00f3n de pol\u00edtica de privacidad para regir el uso y la divulgaci\u00f3n de su informaci\u00f3n personal. Revise el documento antes de proporcionar su informaci\u00f3n personal a M2MGS.<\/p>\n<h2>Alcance<\/h2>\n<p>La Declaraci\u00f3n de privacidad de M2MGS se aplica a todos nuestros sitios web que se vinculan a la Declaraci\u00f3n.<\/p>\n<h2>Recopilaci\u00f3n, uso y divulgaci\u00f3n de informaci\u00f3n personal<\/h2>\n<p>Recopilamos su informaci\u00f3n personal para diversos fines, como mantener correspondencia con usted, brindarle una oferta de SaaS, procesar su pedido o en relaci\u00f3n con una solicitud de empleo.<\/p>\n<p>Podemos combinar la informaci\u00f3n que recopilamos de usted con la informaci\u00f3n obtenida de otros terceros para ayudarnos a mejorar su precisi\u00f3n e integridad general.<\/p>\n<p>M2MGS no vende ni alquila su informaci\u00f3n personal a terceros con fines de marketing sin su permiso.<\/p>\n<p>Adem\u00e1s, tambi\u00e9n podemos recopilar informaci\u00f3n relacionada con su uso de nuestros sitios web mediante el uso de diversas tecnolog\u00edas, incluidas las cookies.<\/p>\n<h2>Galletas<\/h2>\n<p>Como es pr\u00e1ctica com\u00fan en casi todos los sitios web profesionales, este sitio utiliza cookies, que son peque\u00f1os archivos que se descargan en su computadora, para mejorar su experiencia.<\/p>\n<h3>Las cookies que configuramos<\/h3>\n<p>Nuestro sitio web ofrece servicios de suscripci\u00f3n a boletines o correos electr\u00f3nicos y se pueden usar cookies para recordar si ya est\u00e1 registrado y mostrar ciertas notificaciones que pueden ser v\u00e1lidas solo para usuarios suscritos o no suscritos.<\/p>\n<p>Nuestro sitio web ofrece comercio electr\u00f3nico o facilidades de pago y algunas cookies son esenciales para garantizar que su pedido sea recordado entre p\u00e1ginas para que podamos procesarlo correctamente.<\/p>\n<p>Con el fin de brindarle una gran experiencia en nuestro sitio web, proporcionamos la funcionalidad para configurar sus preferencias sobre c\u00f3mo se ejecuta este sitio cuando lo usa. Para recordar sus preferencias, necesitamos configurar cookies para que esta informaci\u00f3n pueda ser llamada cada vez que interact\u00faa con una p\u00e1gina que se ve afectada por sus preferencias.<\/p>\n<h3>Cookies de terceros<\/h3>\n<p>Este sitio utiliza Google Analytics, que es una de las soluciones de an\u00e1lisis m\u00e1s extendidas y confiables en la web para ayudarnos a comprender c\u00f3mo usa nuestro sitio web y las formas en que podemos mejorar su experiencia. Estas cookies pueden rastrear cosas como cu\u00e1nto tiempo pasa en el sitio y las p\u00e1ginas que visita para que podamos continuar produciendo contenido atractivo.<\/p>\n<p>Para obtener m\u00e1s informaci\u00f3n sobre las cookies de Google Analytics, consulte la p\u00e1gina oficial de Google Analytics.<\/p>\n<h2>Tus opciones<\/h2>\n<p>Cuando recopilamos informaci\u00f3n sobre usted, puede decirnos que no desea que se utilice para m\u00e1s contactos de marketing.<br \/>\nTambi\u00e9n puede desactivar las cookies en su navegador.<\/p>\n<p>Las personas que buscan acceso a su informaci\u00f3n personal pueden comunicarse con nuestro departamento legal en contacto con nosotros en legal@m2mgs.com.<\/p>\n<\/div><\/div><\/div><\/div><\/div>","protected":false},"excerpt":{"rendered":"","protected":false},"author":4,"featured_media":0,"parent":0,"menu_order":0,"comment_status":"closed","ping_status":"closed","template":"","meta":{"footnotes":""},"class_list":["post-1085","page","type-page","status-publish","hentry"],"_links":{"self":[{"href":"https:\/\/ext.m2mgs.com\/es\/wp-json\/wp\/v2\/pages\/1085","targetHints":{"allow":["GET"]}}],"collection":[{"href":"https:\/\/ext.m2mgs.com\/es\/wp-json\/wp\/v2\/pages"}],"about":[{"href":"https:\/\/ext.m2mgs.com\/es\/wp-json\/wp\/v2\/types\/page"}],"author":[{"embeddable":true,"href":"https:\/\/ext.m2mgs.com\/es\/wp-json\/wp\/v2\/users\/4"}],"replies":[{"embeddable":true,"href":"https:\/\/ext.m2mgs.com\/es\/wp-json\/wp\/v2\/comments?post=1085"}],"version-history":[{"count":11,"href":"https:\/\/ext.m2mgs.com\/es\/wp-json\/wp\/v2\/pages\/1085\/revisions"}],"predecessor-version":[{"id":1109,"href":"https:\/\/ext.m2mgs.com\/es\/wp-json\/wp\/v2\/pages\/1085\/revisions\/1109"}],"wp:attachment":[{"href":"https:\/\/ext.m2mgs.com\/es\/wp-json\/wp\/v2\/media?parent=1085"}],"curies":[{"name":"gracias","href":"https:\/\/api.w.org\/{rel}","templated":true}]}}