{"id":209,"date":"2015-10-03T06:39:47","date_gmt":"2015-10-03T06:39:47","guid":{"rendered":"https:\/\/ext.m2mgs.com\/?page_id=209"},"modified":"2019-04-09T15:40:21","modified_gmt":"2019-04-09T15:40:21","slug":"industries","status":"publish","type":"page","link":"https:\/\/ext.m2mgs.com\/es\/about\/industries\/","title":{"rendered":"Industrias"},"content":{"rendered":"<div class=\"fusion-fullwidth fullwidth-box fusion-builder-row-1 fusion-flex-container nonhundred-percent-fullwidth non-hundred-percent-height-scrolling\" style=\"--awb-background-position:left top;--awb-border-radius-top-left:0px;--awb-border-radius-top-right:0px;--awb-border-radius-bottom-right:0px;--awb-border-radius-bottom-left:0px;--awb-padding-top:20px;--awb-padding-right:20px;--awb-padding-bottom:20px;--awb-padding-left:20px;--awb-border-sizes-top:0px;--awb-border-sizes-bottom:0px;--awb-flex-wrap:wrap;\" ><div class=\"fusion-builder-row fusion-row fusion-flex-align-items-flex-start fusion-flex-content-wrap\" style=\"max-width:calc( 100% + 0px );margin-left: calc(-0px \/ 2 );margin-right: calc(-0px \/ 2 );\"><div class=\"fusion-layout-column fusion_builder_column fusion-builder-column-0 fusion_builder_column_1_1 1_1 fusion-flex-column fusion-flex-align-self-flex-start fusion-column-no-min-height\" style=\"--awb-bg-size:cover;--awb-width-large:100%;--awb-margin-top-large:0px;--awb-spacing-right-large:0px;--awb-margin-bottom-large:0px;--awb-spacing-left-large:0px;--awb-width-medium:100%;--awb-spacing-right-medium:0px;--awb-spacing-left-medium:0px;--awb-width-small:100%;--awb-spacing-right-small:0px;--awb-spacing-left-small:0px;\"><div class=\"fusion-column-wrapper fusion-flex-justify-content-flex-start fusion-content-layout-column\"><div class=\"fusion-title title fusion-title-1 fusion-sep-none fusion-title-text fusion-title-size-one\" style=\"--awb-margin-top-small:10px;--awb-margin-right-small:0px;--awb-margin-bottom-small:10px;--awb-margin-left-small:0px;\"><h1 class=\"fusion-title-heading title-heading-left\" style=\"margin:0;\">Industrias<\/h1><\/div><\/div><\/div><div class=\"fusion-layout-column fusion_builder_column fusion-builder-column-1 fusion_builder_column_1_1 1_1 fusion-flex-column fusion-flex-align-self-flex-start fusion-column-no-min-height\" style=\"--awb-bg-size:cover;--awb-width-large:100%;--awb-margin-top-large:0px;--awb-spacing-right-large:0px;--awb-margin-bottom-large:0px;--awb-spacing-left-large:0px;--awb-width-medium:100%;--awb-spacing-right-medium:0px;--awb-spacing-left-medium:0px;--awb-width-small:100%;--awb-spacing-right-small:0px;--awb-spacing-left-small:0px;\"><div class=\"fusion-column-wrapper fusion-flex-justify-content-flex-start fusion-content-layout-column\"><div class=\"fusion-title title fusion-title-2 fusion-sep-none fusion-title-text fusion-title-size-two\" style=\"--awb-margin-top-small:10px;--awb-margin-right-small:0px;--awb-margin-bottom-small:10px;--awb-margin-left-small:0px;\"><h2 class=\"fusion-title-heading title-heading-left\" style=\"margin:0;\">Seguimiento de contenedores<\/h2><\/div><div class=\"fusion-text fusion-text-1\"><p>Las compa\u00f1\u00edas navieras de todo el mundo env\u00edan muchas toneladas de art\u00edculos al a\u00f1o. Todos estos art\u00edculos, por valor de billones, se empaquetan y env\u00edan en contenedores que se colocan en barcos de carga o aviones para el tr\u00e1nsito a su destino. M\u00e1s de 6 millones de contenedores de env\u00edo en enormes buques de carga est\u00e1n navegando a trav\u00e9s de los mares de la tierra en este momento. En 2013, la industria del transporte mar\u00edtimo internacional movi\u00f3 120 millones de contenedores por un valor estimado de $4 billones.<\/p>\n<p>Cada a\u00f1o, decenas de miles de estos contenedores desaparecen y nunca m\u00e1s se vuelven a ver, lo que provoca p\u00e9rdidas financieras para las compa\u00f1\u00edas navieras y los propietarios individuales. Algunos contenedores son robados a trav\u00e9s de sindicatos organizados, otros env\u00edos son detenidos por piratas y pueden ocurrir eventos naturales catastr\u00f3ficos o accidentes comunes en el camino.<\/p>\n<p>Nuestro sistema de seguimiento de contenedores por GPS proporciona un seguimiento constante de los contenedores durante todo el viaje, desde la f\u00e1brica hasta el destino. Ya sea que pase por los puntos de inspecci\u00f3n aduanera o se detenga en los puertos o incluso cuando el contenedor est\u00e9 en camiones o trenes, el sistema monitorea las ubicaciones de los contenedores y el estado de la carga en todo momento. Nuestro dispositivo de seguimiento de activos captura las incidencias de allanamientos, aperturas no autorizadas o anomal\u00edas de temperatura en todo el mundo.<\/p>\n<\/div><\/div><\/div><div class=\"fusion-layout-column fusion_builder_column fusion-builder-column-2 fusion_builder_column_1_1 1_1 fusion-flex-column fusion-flex-align-self-flex-start fusion-column-no-min-height\" style=\"--awb-bg-size:cover;--awb-width-large:100%;--awb-margin-top-large:0px;--awb-spacing-right-large:0px;--awb-margin-bottom-large:0px;--awb-spacing-left-large:0px;--awb-width-medium:100%;--awb-spacing-right-medium:0px;--awb-spacing-left-medium:0px;--awb-width-small:100%;--awb-spacing-right-small:0px;--awb-spacing-left-small:0px;\"><div class=\"fusion-column-wrapper fusion-flex-justify-content-flex-start fusion-content-layout-column\"><div class=\"fusion-title title fusion-title-3 fusion-sep-none fusion-title-text fusion-title-size-two\" style=\"--awb-margin-top-small:10px;--awb-margin-right-small:0px;--awb-margin-bottom-small:10px;--awb-margin-left-small:0px;\"><h2 class=\"fusion-title-heading title-heading-left\" style=\"margin:0;\">Seguimiento GPS de veh\u00edculos<\/h2><\/div><div class=\"fusion-text fusion-text-2\"><p>Nuestra soluci\u00f3n de rastreo de veh\u00edculos por GPS facilita el rastreo de su veh\u00edculo, ya sea que sea propietario de un negocio o de un veh\u00edculo privado. Nuestra unidad de rastreo GPS est\u00e1 dise\u00f1ada para montarse de manera encubierta en un veh\u00edculo, con un software especial de rastreo de ubicaci\u00f3n GPS que muestra la ubicaci\u00f3n geogr\u00e1fica exacta de su veh\u00edculo.<\/p>\n<p>Incluso cuando la unidad de GPS del veh\u00edculo se haya cortado de la electricidad o la antena se haya roto, nuestra soluci\u00f3n de rastreo seguir\u00e1 localiz\u00e1ndolo gracias a su bater\u00eda de respaldo interna y tecnolog\u00eda de triangulaci\u00f3n de celdas.<\/p>\n<\/div><\/div><\/div><div class=\"fusion-layout-column fusion_builder_column fusion-builder-column-3 fusion_builder_column_1_1 1_1 fusion-flex-column fusion-flex-align-self-flex-start fusion-column-no-min-height\" style=\"--awb-bg-size:cover;--awb-width-large:100%;--awb-margin-top-large:0px;--awb-spacing-right-large:0px;--awb-margin-bottom-large:0px;--awb-spacing-left-large:0px;--awb-width-medium:100%;--awb-spacing-right-medium:0px;--awb-spacing-left-medium:0px;--awb-width-small:100%;--awb-spacing-right-small:0px;--awb-spacing-left-small:0px;\"><div class=\"fusion-column-wrapper fusion-flex-justify-content-flex-start fusion-content-layout-column\"><div class=\"fusion-title title fusion-title-4 fusion-sep-none fusion-title-text fusion-title-size-two\" style=\"--awb-margin-top-small:10px;--awb-margin-right-small:0px;--awb-margin-bottom-small:10px;--awb-margin-left-small:0px;\"><h2 class=\"fusion-title-heading title-heading-left\" style=\"margin:0;\">Industria de construccion<\/h2><\/div><div class=\"fusion-text fusion-text-3\"><p>Una gran cantidad de maquinaria pesada y costosa se utiliza a diario en las obras de construcci\u00f3n de todo el mundo. Gran parte de este equipo se alquila, de ah\u00ed la necesidad de garantizar que est\u00e9 a salvo de da\u00f1os y robos. Tambi\u00e9n es fundamental usar estos activos costosos de manera eficiente. Nuestra plataforma de seguimiento GPS inteligente ayuda a medir el tiempo de trabajo y la distancia recorrida por su equipo de obra, desde m\u00e1quinas de movimiento de tierras hasta gr\u00faas y torres m\u00f3viles, camiones pesados y veh\u00edculos de servicio. Tambi\u00e9n es compatible con amplias funciones de alarmas y generaci\u00f3n de informes, como alertas cuando una m\u00e1quina est\u00e1 siendo robada y trasladada fuera de su zona de geovalla designada.<\/p>\n<\/div><\/div><\/div><div class=\"fusion-layout-column fusion_builder_column fusion-builder-column-4 fusion_builder_column_1_1 1_1 fusion-flex-column fusion-flex-align-self-flex-start fusion-column-no-min-height\" style=\"--awb-bg-size:cover;--awb-width-large:100%;--awb-margin-top-large:0px;--awb-spacing-right-large:0px;--awb-margin-bottom-large:0px;--awb-spacing-left-large:0px;--awb-width-medium:100%;--awb-spacing-right-medium:0px;--awb-spacing-left-medium:0px;--awb-width-small:100%;--awb-spacing-right-small:0px;--awb-spacing-left-small:0px;\"><div class=\"fusion-column-wrapper fusion-flex-justify-content-flex-start fusion-content-layout-column\"><div class=\"fusion-title title fusion-title-5 fusion-sep-none fusion-title-text fusion-title-size-two\" style=\"--awb-margin-top-small:10px;--awb-margin-right-small:0px;--awb-margin-bottom-small:10px;--awb-margin-left-small:0px;\"><h2 class=\"fusion-title-heading title-heading-left\" style=\"margin:0;\">Transportaci\u00f3n<\/h2><\/div><div class=\"fusion-text fusion-text-4\"><p>Una empresa de log\u00edstica con una flota de camiones necesita un sistema de seguimiento de camiones que ofrezca un seguimiento en tiempo real con detalles precisos sobre la velocidad, la fatiga del conductor, d\u00f3nde se detiene para dormir o descansar y si est\u00e1n siguiendo las rutas autorizadas. Cuando tiene todos estos datos r\u00e1pidamente, se vuelve f\u00e1cil manejar emergencias y aumentar la eficiencia.<\/p>\n<p>Un buen sistema de rastreo GPS elimina la posibilidad de perder algo. Nuestro sistema garantiza que cada acci\u00f3n sea registrada autom\u00e1ticamente por el dispositivo de rastreo y transmitida inmediatamente a nuestro sistema de rastreo GPS. Los datos del informe est\u00e1n disponibles en la PC de su oficina o en un tel\u00e9fono celular equipado con nuestra aplicaci\u00f3n de seguimiento. R\u00e1pidamente se da cuenta de robos, accidentes, mal tiempo, exceso de velocidad o comportamiento poco \u00e9tico por parte de un conductor. Si su veh\u00edculo es secuestrado, detectar\u00e1 inmediatamente el incidente y tomar\u00e1 medidas.<\/p>\n<\/div><\/div><\/div><div class=\"fusion-layout-column fusion_builder_column fusion-builder-column-5 fusion_builder_column_1_1 1_1 fusion-flex-column fusion-flex-align-self-flex-start fusion-column-no-min-height\" style=\"--awb-bg-size:cover;--awb-width-large:100%;--awb-margin-top-large:0px;--awb-spacing-right-large:0px;--awb-margin-bottom-large:0px;--awb-spacing-left-large:0px;--awb-width-medium:100%;--awb-spacing-right-medium:0px;--awb-spacing-left-medium:0px;--awb-width-small:100%;--awb-spacing-right-small:0px;--awb-spacing-left-small:0px;\"><div class=\"fusion-column-wrapper fusion-flex-justify-content-flex-start fusion-content-layout-column\"><div class=\"fusion-title title fusion-title-6 fusion-sep-none fusion-title-text fusion-title-size-two\" style=\"--awb-margin-top-small:10px;--awb-margin-right-small:0px;--awb-margin-bottom-small:10px;--awb-margin-left-small:0px;\"><h2 class=\"fusion-title-heading title-heading-left\" style=\"margin:0;\">Seguimiento de seres queridos<\/h2><\/div><div class=\"fusion-text fusion-text-5\"><p>Es un hecho que nuestros estilos de vida extremadamente exigentes presentan grandes desaf\u00edos, lo que hace cada vez m\u00e1s imposible cuidar f\u00edsicamente a nuestros seres queridos en todo momento, especialmente a los vulnerables como los ni\u00f1os, los abuelos, los enfermos y las mascotas. Si bien ser\u00eda maravilloso si pudi\u00e9ramos estar en su presencia en todo momento, saber exactamente d\u00f3nde est\u00e1n y qu\u00e9 est\u00e1n haciendo es un sustituto cercano de estar all\u00ed.<\/p>\n<p>Gracias a la moderna tecnolog\u00eda del Sistema de Posicionamiento Global (GPS), ahora puede reemplazar la preocupaci\u00f3n con mini unidades GPS inteligentes y no intrusivas. Simplemente entr\u00e9gueles el rastreador (por ejemplo, rastreador GPS para ni\u00f1os o collares GPS para perros o gatos) y luego controle sus movimientos y ubicaciones a trav\u00e9s de un portal web o en su tel\u00e9fono m\u00f3vil a trav\u00e9s de nuestras aplicaciones para Android e iOS.<\/p>\n<\/div><\/div><\/div><\/div><\/div>","protected":false},"excerpt":{"rendered":"","protected":false},"author":2,"featured_media":0,"parent":86,"menu_order":0,"comment_status":"closed","ping_status":"closed","template":"","meta":{"footnotes":""},"class_list":["post-209","page","type-page","status-publish","hentry"],"_links":{"self":[{"href":"https:\/\/ext.m2mgs.com\/es\/wp-json\/wp\/v2\/pages\/209","targetHints":{"allow":["GET"]}}],"collection":[{"href":"https:\/\/ext.m2mgs.com\/es\/wp-json\/wp\/v2\/pages"}],"about":[{"href":"https:\/\/ext.m2mgs.com\/es\/wp-json\/wp\/v2\/types\/page"}],"author":[{"embeddable":true,"href":"https:\/\/ext.m2mgs.com\/es\/wp-json\/wp\/v2\/users\/2"}],"replies":[{"embeddable":true,"href":"https:\/\/ext.m2mgs.com\/es\/wp-json\/wp\/v2\/comments?post=209"}],"version-history":[{"count":13,"href":"https:\/\/ext.m2mgs.com\/es\/wp-json\/wp\/v2\/pages\/209\/revisions"}],"predecessor-version":[{"id":1123,"href":"https:\/\/ext.m2mgs.com\/es\/wp-json\/wp\/v2\/pages\/209\/revisions\/1123"}],"up":[{"embeddable":true,"href":"https:\/\/ext.m2mgs.com\/es\/wp-json\/wp\/v2\/pages\/86"}],"wp:attachment":[{"href":"https:\/\/ext.m2mgs.com\/es\/wp-json\/wp\/v2\/media?parent=209"}],"curies":[{"name":"gracias","href":"https:\/\/api.w.org\/{rel}","templated":true}]}}