{"id":1085,"date":"2016-05-22T08:48:11","date_gmt":"2016-05-22T08:48:11","guid":{"rendered":"https:\/\/ext.m2mgs.com\/?page_id=1085"},"modified":"2019-04-09T15:40:10","modified_gmt":"2019-04-09T15:40:10","slug":"privacy","status":"publish","type":"page","link":"https:\/\/ext.m2mgs.com\/fr\/privacy\/","title":{"rendered":"politique de confidentialit\u00e9"},"content":{"rendered":"<div class=\"fusion-fullwidth fullwidth-box fusion-builder-row-1 fusion-flex-container hundred-percent-fullwidth non-hundred-percent-height-scrolling\" style=\"--awb-border-radius-top-left:0px;--awb-border-radius-top-right:0px;--awb-border-radius-bottom-right:0px;--awb-border-radius-bottom-left:0px;--awb-overflow:visible;--awb-flex-wrap:wrap;\" ><div class=\"fusion-builder-row fusion-row fusion-flex-align-items-flex-start fusion-flex-content-wrap\" style=\"width:calc( 100% + 0px ) !important;max-width:calc( 100% + 0px ) !important;margin-left: calc(-0px \/ 2 );margin-right: calc(-0px \/ 2 );\"><div class=\"fusion-layout-column fusion_builder_column fusion-builder-column-0 fusion_builder_column_1_1 1_1 fusion-flex-column fusion-flex-align-self-flex-start fusion-column-no-min-height\" style=\"--awb-bg-size:cover;--awb-width-large:100%;--awb-margin-top-large:0px;--awb-spacing-right-large:0px;--awb-margin-bottom-large:0px;--awb-spacing-left-large:0px;--awb-width-medium:100%;--awb-spacing-right-medium:0px;--awb-spacing-left-medium:0px;--awb-width-small:100%;--awb-spacing-right-small:0px;--awb-spacing-left-small:0px;\"><div class=\"fusion-column-wrapper fusion-flex-justify-content-flex-start fusion-content-layout-column\"><div class=\"fusion-text fusion-text-1\"><h1>D\u00e9claration de politique de confidentialit\u00e9<\/h1>\n<p>M2M Global Solutions Ltd. - ci-apr\u00e8s d\u00e9nomm\u00e9 &quot;nous&quot;, &quot;notre&quot;, &quot;notre&quot; ou &quot;M2MGS&quot; - reconna\u00eet et respecte l&#039;importance de la protection de votre vie priv\u00e9e. \u00c0 ce titre, nous avons adopt\u00e9 les principes \u00e9nonc\u00e9s dans la pr\u00e9sente d\u00e9claration de politique de confidentialit\u00e9 pour r\u00e9gir l&#039;utilisation et la divulgation de vos informations personnelles. Veuillez lire le document avant de fournir vos informations personnelles \u00e0 M2MGS.<\/p>\n<h2>Port\u00e9e<\/h2>\n<p>La d\u00e9claration de confidentialit\u00e9 de M2MGS s&#039;applique \u00e0 tous nos sites Web li\u00e9s \u00e0 la d\u00e9claration.<\/p>\n<h2>Collecte, utilisation et divulgation des renseignements personnels<\/h2>\n<p>Nous collectons vos informations personnelles \u00e0 diverses fins, telles que correspondre avec vous, vous proposer une offre SaaS, traiter votre commande ou dans le cadre d&#039;une candidature \u00e0 un emploi.<\/p>\n<p>Nous pouvons combiner les informations que nous recueillons aupr\u00e8s de vous avec des informations obtenues aupr\u00e8s d&#039;autres tiers pour nous aider \u00e0 am\u00e9liorer leur exactitude et leur exhaustivit\u00e9 globales.<\/p>\n<p>M2MGS ne vend ni ne loue vos informations personnelles \u00e0 des tiers \u00e0 des fins de marketing sans votre autorisation.<\/p>\n<p>En outre, nous pouvons \u00e9galement collecter des informations relatives \u00e0 votre utilisation de nos sites Web gr\u00e2ce \u00e0 l&#039;utilisation de diverses technologies, y compris les cookies.<\/p>\n<h2>Biscuits<\/h2>\n<p>Comme c&#039;est la pratique courante avec presque tous les sites Web professionnels, ce site utilise des cookies, qui sont de petits fichiers t\u00e9l\u00e9charg\u00e9s sur votre ordinateur, pour am\u00e9liorer votre exp\u00e9rience.<\/p>\n<h3>Les cookies que nous installons<\/h3>\n<p>Notre site Web propose des services d&#039;abonnement \u00e0 des newsletters ou \u00e0 des e-mails et des cookies peuvent \u00eatre utilis\u00e9s pour se rappeler si vous \u00eates d\u00e9j\u00e0 inscrit et s&#039;il faut afficher certaines notifications qui pourraient n&#039;\u00eatre valables que pour les utilisateurs abonn\u00e9s\/d\u00e9sabonn\u00e9s.<\/p>\n<p>Notre site Web offre des facilit\u00e9s de commerce \u00e9lectronique ou de paiement et certains cookies sont essentiels pour garantir que votre commande est m\u00e9moris\u00e9e entre les pages afin que nous puissions la traiter correctement.<\/p>\n<p>Afin de vous offrir une excellente exp\u00e9rience sur notre site Web, nous fournissons la fonctionnalit\u00e9 permettant de d\u00e9finir vos pr\u00e9f\u00e9rences quant au fonctionnement de ce site lorsque vous l&#039;utilisez. Afin de m\u00e9moriser vos pr\u00e9f\u00e9rences, nous devons d\u00e9finir des cookies afin que ces informations puissent \u00eatre appel\u00e9es chaque fois que vous interagissez avec une page affect\u00e9e par vos pr\u00e9f\u00e9rences.<\/p>\n<h3>Cookies tiers<\/h3>\n<p>Ce site utilise Google Analytics qui est l&#039;une des solutions d&#039;analyse les plus r\u00e9pandues et les plus fiables sur le Web pour nous aider \u00e0 comprendre comment vous utilisez notre site Web et comment nous pouvons am\u00e9liorer votre exp\u00e9rience. Ces cookies peuvent suivre des \u00e9l\u00e9ments tels que le temps que vous passez sur le site et les pages que vous visitez afin que nous puissions continuer \u00e0 produire un contenu attrayant.<\/p>\n<p>Pour plus d&#039;informations sur les cookies de Google Analytics, consultez la page officielle de Google Analytics.<\/p>\n<h2>Vos choix<\/h2>\n<p>Lorsque nous recueillons des informations aupr\u00e8s de vous, vous pouvez nous dire que vous ne souhaitez pas qu&#039;elles soient utilis\u00e9es pour d&#039;autres contacts marketing.<br \/>\nVous pouvez \u00e9galement d\u00e9sactiver les cookies dans votre navigateur.<\/p>\n<p>Les personnes souhaitant acc\u00e9der \u00e0 leurs informations personnelles peuvent contacter notre service juridique \u00e0 contact us at legal@m2mgs.com.<\/p>\n<\/div><\/div><\/div><\/div><\/div>","protected":false},"excerpt":{"rendered":"","protected":false},"author":4,"featured_media":0,"parent":0,"menu_order":0,"comment_status":"closed","ping_status":"closed","template":"","meta":{"footnotes":""},"class_list":["post-1085","page","type-page","status-publish","hentry"],"_links":{"self":[{"href":"https:\/\/ext.m2mgs.com\/fr\/wp-json\/wp\/v2\/pages\/1085","targetHints":{"allow":["GET"]}}],"collection":[{"href":"https:\/\/ext.m2mgs.com\/fr\/wp-json\/wp\/v2\/pages"}],"about":[{"href":"https:\/\/ext.m2mgs.com\/fr\/wp-json\/wp\/v2\/types\/page"}],"author":[{"embeddable":true,"href":"https:\/\/ext.m2mgs.com\/fr\/wp-json\/wp\/v2\/users\/4"}],"replies":[{"embeddable":true,"href":"https:\/\/ext.m2mgs.com\/fr\/wp-json\/wp\/v2\/comments?post=1085"}],"version-history":[{"count":11,"href":"https:\/\/ext.m2mgs.com\/fr\/wp-json\/wp\/v2\/pages\/1085\/revisions"}],"predecessor-version":[{"id":1109,"href":"https:\/\/ext.m2mgs.com\/fr\/wp-json\/wp\/v2\/pages\/1085\/revisions\/1109"}],"wp:attachment":[{"href":"https:\/\/ext.m2mgs.com\/fr\/wp-json\/wp\/v2\/media?parent=1085"}],"curies":[{"name":"wp","href":"https:\/\/api.w.org\/{rel}","templated":true}]}}