{"id":209,"date":"2015-10-03T06:39:47","date_gmt":"2015-10-03T06:39:47","guid":{"rendered":"https:\/\/ext.m2mgs.com\/?page_id=209"},"modified":"2019-04-09T15:40:21","modified_gmt":"2019-04-09T15:40:21","slug":"industries","status":"publish","type":"page","link":"https:\/\/ext.m2mgs.com\/fr\/about\/industries\/","title":{"rendered":"les industries"},"content":{"rendered":"<div class=\"fusion-fullwidth fullwidth-box fusion-builder-row-1 fusion-flex-container nonhundred-percent-fullwidth non-hundred-percent-height-scrolling\" style=\"--awb-background-position:left top;--awb-border-radius-top-left:0px;--awb-border-radius-top-right:0px;--awb-border-radius-bottom-right:0px;--awb-border-radius-bottom-left:0px;--awb-padding-top:20px;--awb-padding-right:20px;--awb-padding-bottom:20px;--awb-padding-left:20px;--awb-border-sizes-top:0px;--awb-border-sizes-bottom:0px;--awb-flex-wrap:wrap;\" ><div class=\"fusion-builder-row fusion-row fusion-flex-align-items-flex-start fusion-flex-content-wrap\" style=\"max-width:calc( 100% + 0px );margin-left: calc(-0px \/ 2 );margin-right: calc(-0px \/ 2 );\"><div class=\"fusion-layout-column fusion_builder_column fusion-builder-column-0 fusion_builder_column_1_1 1_1 fusion-flex-column fusion-flex-align-self-flex-start fusion-column-no-min-height\" style=\"--awb-bg-size:cover;--awb-width-large:100%;--awb-margin-top-large:0px;--awb-spacing-right-large:0px;--awb-margin-bottom-large:0px;--awb-spacing-left-large:0px;--awb-width-medium:100%;--awb-spacing-right-medium:0px;--awb-spacing-left-medium:0px;--awb-width-small:100%;--awb-spacing-right-small:0px;--awb-spacing-left-small:0px;\"><div class=\"fusion-column-wrapper fusion-flex-justify-content-flex-start fusion-content-layout-column\"><div class=\"fusion-title title fusion-title-1 fusion-sep-none fusion-title-text fusion-title-size-one\" style=\"--awb-margin-top-small:10px;--awb-margin-right-small:0px;--awb-margin-bottom-small:10px;--awb-margin-left-small:0px;\"><h1 class=\"fusion-title-heading title-heading-left\" style=\"margin:0;\">les industries<\/h1><\/div><\/div><\/div><div class=\"fusion-layout-column fusion_builder_column fusion-builder-column-1 fusion_builder_column_1_1 1_1 fusion-flex-column fusion-flex-align-self-flex-start fusion-column-no-min-height\" style=\"--awb-bg-size:cover;--awb-width-large:100%;--awb-margin-top-large:0px;--awb-spacing-right-large:0px;--awb-margin-bottom-large:0px;--awb-spacing-left-large:0px;--awb-width-medium:100%;--awb-spacing-right-medium:0px;--awb-spacing-left-medium:0px;--awb-width-small:100%;--awb-spacing-right-small:0px;--awb-spacing-left-small:0px;\"><div class=\"fusion-column-wrapper fusion-flex-justify-content-flex-start fusion-content-layout-column\"><div class=\"fusion-title title fusion-title-2 fusion-sep-none fusion-title-text fusion-title-size-two\" style=\"--awb-margin-top-small:10px;--awb-margin-right-small:0px;--awb-margin-bottom-small:10px;--awb-margin-left-small:0px;\"><h2 class=\"fusion-title-heading title-heading-left\" style=\"margin:0;\">Suivi des conteneurs<\/h2><\/div><div class=\"fusion-text fusion-text-1\"><p>Les compagnies maritimes du monde entier exp\u00e9dient plusieurs tonnes d&#039;articles chaque ann\u00e9e. Tous ces articles, d&#039;une valeur de milliards de dollars, sont emball\u00e9s et exp\u00e9di\u00e9s dans des conteneurs qui sont plac\u00e9s sur des cargos ou des avions pour transit vers leur destination. Plus de 6 millions de conteneurs maritimes sur d&#039;\u00e9normes cargos naviguent actuellement en haute mer. En 2013, l&#039;industrie du transport maritime international a transport\u00e9 120 millions de conteneurs d&#039;une valeur estim\u00e9e \u00e0 $4 billions.<\/p>\n<p>Chaque ann\u00e9e, des dizaines de milliers de ces conteneurs disparaissent et ne sont plus jamais revus, entra\u00eenant des pertes financi\u00e8res pour les compagnies maritimes et les propri\u00e9taires individuels. Certains conteneurs sont vol\u00e9s par des syndicats organis\u00e9s, d&#039;autres exp\u00e9ditions sont stopp\u00e9es par des pirates et des \u00e9v\u00e9nements naturels catastrophiques ou des accidents ordinaires peuvent survenir en cours de route.<\/p>\n<p>Notre syst\u00e8me de suivi GPS des conteneurs assure une surveillance constante des conteneurs tout au long du trajet, de l&#039;usine \u00e0 la destination. Que ce soit en passant par les points d&#039;inspection douani\u00e8re ou en s&#039;arr\u00eatant dans les ports ou m\u00eame lorsque le conteneur est sur des camions ou des trains, le syst\u00e8me surveille \u00e0 tout moment l&#039;emplacement des conteneurs et l&#039;\u00e9tat du fret. Les incidents d&#039;effractions, d&#039;ouvertures non autoris\u00e9es ou d&#039;anomalies de temp\u00e9rature sont captur\u00e9s par notre dispositif de suivi des actifs dans le monde entier.<\/p>\n<\/div><\/div><\/div><div class=\"fusion-layout-column fusion_builder_column fusion-builder-column-2 fusion_builder_column_1_1 1_1 fusion-flex-column fusion-flex-align-self-flex-start fusion-column-no-min-height\" style=\"--awb-bg-size:cover;--awb-width-large:100%;--awb-margin-top-large:0px;--awb-spacing-right-large:0px;--awb-margin-bottom-large:0px;--awb-spacing-left-large:0px;--awb-width-medium:100%;--awb-spacing-right-medium:0px;--awb-spacing-left-medium:0px;--awb-width-small:100%;--awb-spacing-right-small:0px;--awb-spacing-left-small:0px;\"><div class=\"fusion-column-wrapper fusion-flex-justify-content-flex-start fusion-content-layout-column\"><div class=\"fusion-title title fusion-title-3 fusion-sep-none fusion-title-text fusion-title-size-two\" style=\"--awb-margin-top-small:10px;--awb-margin-right-small:0px;--awb-margin-bottom-small:10px;--awb-margin-left-small:0px;\"><h2 class=\"fusion-title-heading title-heading-left\" style=\"margin:0;\">Suivi de v\u00e9hicule par GPS<\/h2><\/div><div class=\"fusion-text fusion-text-2\"><p>Notre solution de suivi de v\u00e9hicule par GPS facilite le suivi de votre v\u00e9hicule, que vous soyez une entreprise ou un propri\u00e9taire de v\u00e9hicule priv\u00e9. Notre unit\u00e9 de localisation GPS est con\u00e7ue pour \u00eatre mont\u00e9e discr\u00e8tement sur un v\u00e9hicule, avec un logiciel sp\u00e9cial de localisation GPS qui indique l&#039;emplacement g\u00e9ographique exact de votre v\u00e9hicule.<\/p>\n<p>M\u00eame lorsque l&#039;unit\u00e9 GPS du v\u00e9hicule a \u00e9t\u00e9 coup\u00e9e de l&#039;\u00e9lectricit\u00e9 ou que l&#039;antenne a \u00e9t\u00e9 cass\u00e9e, notre solution de suivi le localisera toujours gr\u00e2ce \u00e0 sa batterie de secours interne et \u00e0 sa technologie de triangulation cellulaire.<\/p>\n<\/div><\/div><\/div><div class=\"fusion-layout-column fusion_builder_column fusion-builder-column-3 fusion_builder_column_1_1 1_1 fusion-flex-column fusion-flex-align-self-flex-start fusion-column-no-min-height\" style=\"--awb-bg-size:cover;--awb-width-large:100%;--awb-margin-top-large:0px;--awb-spacing-right-large:0px;--awb-margin-bottom-large:0px;--awb-spacing-left-large:0px;--awb-width-medium:100%;--awb-spacing-right-medium:0px;--awb-spacing-left-medium:0px;--awb-width-small:100%;--awb-spacing-right-small:0px;--awb-spacing-left-small:0px;\"><div class=\"fusion-column-wrapper fusion-flex-justify-content-flex-start fusion-content-layout-column\"><div class=\"fusion-title title fusion-title-4 fusion-sep-none fusion-title-text fusion-title-size-two\" style=\"--awb-margin-top-small:10px;--awb-margin-right-small:0px;--awb-margin-bottom-small:10px;--awb-margin-left-small:0px;\"><h2 class=\"fusion-title-heading title-heading-left\" style=\"margin:0;\">Industrie de construction<\/h2><\/div><div class=\"fusion-text fusion-text-3\"><p>De nombreuses machines lourdes et co\u00fbteuses sont utilis\u00e9es quotidiennement sur les chantiers de construction du monde entier. Une grande partie de cet \u00e9quipement est lou\u00e9e, d&#039;o\u00f9 la n\u00e9cessit\u00e9 de s&#039;assurer qu&#039;il est \u00e0 l&#039;abri des dommages et du vol. Il est \u00e9galement essentiel d&#039;utiliser efficacement ces actifs co\u00fbteux. Notre plate-forme de suivi GPS intelligente aide \u00e0 mesurer le temps de travail ainsi que la distance parcourue par votre \u00e9quipement de chantier, des engins de terrassement aux grues et tours mobiles, en passant par les camions lourds et les v\u00e9hicules de service. Il prend \u00e9galement en charge de nombreuses fonctionnalit\u00e9s d&#039;alarme et de rapport, telles que des alertes lorsqu&#039;une machine est vol\u00e9e et d\u00e9plac\u00e9e hors de sa zone de cl\u00f4ture g\u00e9ographique d\u00e9sign\u00e9e.<\/p>\n<\/div><\/div><\/div><div class=\"fusion-layout-column fusion_builder_column fusion-builder-column-4 fusion_builder_column_1_1 1_1 fusion-flex-column fusion-flex-align-self-flex-start fusion-column-no-min-height\" style=\"--awb-bg-size:cover;--awb-width-large:100%;--awb-margin-top-large:0px;--awb-spacing-right-large:0px;--awb-margin-bottom-large:0px;--awb-spacing-left-large:0px;--awb-width-medium:100%;--awb-spacing-right-medium:0px;--awb-spacing-left-medium:0px;--awb-width-small:100%;--awb-spacing-right-small:0px;--awb-spacing-left-small:0px;\"><div class=\"fusion-column-wrapper fusion-flex-justify-content-flex-start fusion-content-layout-column\"><div class=\"fusion-title title fusion-title-5 fusion-sep-none fusion-title-text fusion-title-size-two\" style=\"--awb-margin-top-small:10px;--awb-margin-right-small:0px;--awb-margin-bottom-small:10px;--awb-margin-left-small:0px;\"><h2 class=\"fusion-title-heading title-heading-left\" style=\"margin:0;\">Transport &amp; Logistique<\/h2><\/div><div class=\"fusion-text fusion-text-4\"><p>Une entreprise de logistique avec une flotte de camions a besoin d&#039;un syst\u00e8me de suivi des camions offrant un suivi en temps r\u00e9el avec des d\u00e9tails pr\u00e9cis sur la vitesse, la fatigue des conducteurs, o\u00f9 ils s&#039;arr\u00eatent pour dormir ou se reposer et s&#039;ils suivent les itin\u00e9raires autoris\u00e9s. Lorsque vous disposez rapidement de toutes ces donn\u00e9es, il devient facile de g\u00e9rer les urgences et d&#039;augmenter l&#039;efficacit\u00e9.<\/p>\n<p>Un bon syst\u00e8me de suivi GPS \u00e9limine le risque de manquer quoi que ce soit. Notre syst\u00e8me garantit que chaque action est automatiquement enregistr\u00e9e par le dispositif de suivi et transmise imm\u00e9diatement \u00e0 notre syst\u00e8me de suivi GPS. Les donn\u00e9es du rapport sont disponibles sur votre PC de bureau ou sur un t\u00e9l\u00e9phone portable \u00e9quip\u00e9 de notre application de suivi. Vous \u00eates rapidement au courant des vols, accidents, intemp\u00e9ries, exc\u00e8s de vitesse ou comportement contraire \u00e0 l&#039;\u00e9thique d&#039;un conducteur. Si votre v\u00e9hicule est d\u00e9tourn\u00e9, vous d\u00e9tecterez imm\u00e9diatement l&#039;incident et agirez.<\/p>\n<\/div><\/div><\/div><div class=\"fusion-layout-column fusion_builder_column fusion-builder-column-5 fusion_builder_column_1_1 1_1 fusion-flex-column fusion-flex-align-self-flex-start fusion-column-no-min-height\" style=\"--awb-bg-size:cover;--awb-width-large:100%;--awb-margin-top-large:0px;--awb-spacing-right-large:0px;--awb-margin-bottom-large:0px;--awb-spacing-left-large:0px;--awb-width-medium:100%;--awb-spacing-right-medium:0px;--awb-spacing-left-medium:0px;--awb-width-small:100%;--awb-spacing-right-small:0px;--awb-spacing-left-small:0px;\"><div class=\"fusion-column-wrapper fusion-flex-justify-content-flex-start fusion-content-layout-column\"><div class=\"fusion-title title fusion-title-6 fusion-sep-none fusion-title-text fusion-title-size-two\" style=\"--awb-margin-top-small:10px;--awb-margin-right-small:0px;--awb-margin-bottom-small:10px;--awb-margin-left-small:0px;\"><h2 class=\"fusion-title-heading title-heading-left\" style=\"margin:0;\">Suivi des \u00eatres chers<\/h2><\/div><div class=\"fusion-text fusion-text-5\"><p>C&#039;est un fait que nos modes de vie extr\u00eamement exigeants pr\u00e9sentent de grands d\u00e9fis, rendant de plus en plus impossible de surveiller physiquement nos proches \u00e0 tout moment, en particulier les personnes vuln\u00e9rables comme les enfants, les grands-parents, les malades et les animaux domestiques. Bien que ce serait merveilleux si nous pouvions \u00eatre en leur pr\u00e9sence \u00e0 tout moment, savoir exactement o\u00f9 ils se trouvent et ce qu&#039;ils font est un substitut proche de leur pr\u00e9sence.<\/p>\n<p>Gr\u00e2ce \u00e0 la technologie moderne du syst\u00e8me de positionnement global (GPS), vous pouvez d\u00e9sormais remplacer le souci par des mini-unit\u00e9s GPS intelligentes et non intrusives. Donnez-leur simplement le tracker (par exemple, un tracker GPS pour enfants ou des colliers GPS pour chiens ou chats), puis surveillez leurs mouvements et leurs emplacements via un portail Web ou sur votre t\u00e9l\u00e9phone portable via nos applications Android et iOS.<\/p>\n<\/div><\/div><\/div><\/div><\/div>","protected":false},"excerpt":{"rendered":"","protected":false},"author":2,"featured_media":0,"parent":86,"menu_order":0,"comment_status":"closed","ping_status":"closed","template":"","meta":{"footnotes":""},"class_list":["post-209","page","type-page","status-publish","hentry"],"_links":{"self":[{"href":"https:\/\/ext.m2mgs.com\/fr\/wp-json\/wp\/v2\/pages\/209","targetHints":{"allow":["GET"]}}],"collection":[{"href":"https:\/\/ext.m2mgs.com\/fr\/wp-json\/wp\/v2\/pages"}],"about":[{"href":"https:\/\/ext.m2mgs.com\/fr\/wp-json\/wp\/v2\/types\/page"}],"author":[{"embeddable":true,"href":"https:\/\/ext.m2mgs.com\/fr\/wp-json\/wp\/v2\/users\/2"}],"replies":[{"embeddable":true,"href":"https:\/\/ext.m2mgs.com\/fr\/wp-json\/wp\/v2\/comments?post=209"}],"version-history":[{"count":13,"href":"https:\/\/ext.m2mgs.com\/fr\/wp-json\/wp\/v2\/pages\/209\/revisions"}],"predecessor-version":[{"id":1123,"href":"https:\/\/ext.m2mgs.com\/fr\/wp-json\/wp\/v2\/pages\/209\/revisions\/1123"}],"up":[{"embeddable":true,"href":"https:\/\/ext.m2mgs.com\/fr\/wp-json\/wp\/v2\/pages\/86"}],"wp:attachment":[{"href":"https:\/\/ext.m2mgs.com\/fr\/wp-json\/wp\/v2\/media?parent=209"}],"curies":[{"name":"wp","href":"https:\/\/api.w.org\/{rel}","templated":true}]}}