{"id":903,"date":"2016-02-27T19:17:51","date_gmt":"2016-02-27T19:17:51","guid":{"rendered":"https:\/\/ext.m2mgs.com\/?page_id=903"},"modified":"2025-06-03T08:48:11","modified_gmt":"2025-06-03T08:48:11","slug":"contact-us","status":"publish","type":"page","link":"https:\/\/ext.m2mgs.com\/fr\/contact-us\/","title":{"rendered":"Contactez-nous"},"content":{"rendered":"<div class=\"fusion-fullwidth fullwidth-box fusion-builder-row-1 fusion-flex-container has-pattern-background has-mask-background nonhundred-percent-fullwidth non-hundred-percent-height-scrolling\" style=\"--awb-border-radius-top-left:0px;--awb-border-radius-top-right:0px;--awb-border-radius-bottom-right:0px;--awb-border-radius-bottom-left:0px;--awb-background-color:#449dbb;--awb-background-size:cover;--awb-flex-wrap:wrap;\" >\n<div class=\"fusion-builder-row fusion-row fusion-flex-align-items-flex-start fusion-flex-content-wrap\" style=\"max-width:104%;margin-left: calc(-4% \/ 2 );margin-right: calc(-4% \/ 2 );\">\n<div class=\"fusion-layout-column fusion_builder_column fusion-builder-column-0 fusion_builder_column_1_1 1_1 fusion-flex-column cw-container hero-text\" style=\"--awb-bg-size:cover;--awb-width-large:100%;--awb-margin-top-large:0px;--awb-spacing-right-large:1.92%;--awb-margin-bottom-large:20px;--awb-spacing-left-large:1.92%;--awb-width-medium:100%;--awb-order-medium:0;--awb-spacing-right-medium:1.92%;--awb-spacing-left-medium:1.92%;--awb-width-small:100%;--awb-order-small:0;--awb-spacing-right-small:1.92%;--awb-spacing-left-small:1.92%;\" data-scroll-devices=\"small-visibility,medium-visibility,large-visibility\">\n<div class=\"fusion-column-wrapper fusion-column-has-shadow fusion-flex-justify-content-flex-start fusion-content-layout-column\">\n<div class=\"fusion-builder-row fusion-builder-row-inner fusion-row fusion-flex-align-items-flex-start fusion-flex-content-wrap\" style=\"--awb-flex-grow:0;--awb-flex-grow-medium:0;--awb-flex-grow-small:0;--awb-flex-shrink:0;--awb-flex-shrink-medium:0;--awb-flex-shrink-small:0;width:104% !important;max-width:104% !important;margin-left: calc(-4% \/ 2 );margin-right: calc(-4% \/ 2 );\">\n<div class=\"fusion-layout-column fusion_builder_column_inner fusion-builder-nested-column-0 fusion_builder_column_inner_1_2 1_2 fusion-flex-column\" style=\"--awb-bg-size:cover;--awb-width-large:50%;--awb-margin-top-large:0px;--awb-spacing-right-large:3.84%;--awb-margin-bottom-large:20px;--awb-spacing-left-large:3.84%;--awb-width-medium:100%;--awb-order-medium:0;--awb-spacing-right-medium:1.92%;--awb-spacing-left-medium:1.92%;--awb-width-small:100%;--awb-order-small:0;--awb-spacing-right-small:1.92%;--awb-spacing-left-small:1.92%;\">\n<div class=\"fusion-column-wrapper fusion-column-has-shadow fusion-flex-justify-content-flex-start fusion-content-layout-column\">\n<div class=\"fusion-text fusion-text-1\">\n<h1>Contactez-nous<\/h1>\n<h4>Veuillez remplir les informations ci-dessous afin que nous puissions vous aider \u00e0 d\u00e9terminer le service ou la solution qui r\u00e9pond le mieux \u00e0 vos besoins commerciaux et techniques ou appelez-nous au <span style=\"text-decoration: underline;\">+44 (0) 203 3188 198.<\/span><\/h4>\n<\/div>\n<\/div>\n<\/div>\n<div class=\"fusion-layout-column fusion_builder_column_inner fusion-builder-nested-column-1 fusion_builder_column_inner_1_2 1_2 fusion-flex-column\" style=\"--awb-bg-size:cover;--awb-width-large:50%;--awb-margin-top-large:0px;--awb-spacing-right-large:3.84%;--awb-margin-bottom-large:20px;--awb-spacing-left-large:3.84%;--awb-width-medium:100%;--awb-order-medium:0;--awb-spacing-right-medium:1.92%;--awb-spacing-left-medium:1.92%;--awb-width-small:100%;--awb-order-small:0;--awb-spacing-right-small:1.92%;--awb-spacing-left-small:1.92%;\">\n<div class=\"fusion-column-wrapper fusion-column-has-shadow fusion-flex-justify-content-flex-start fusion-content-layout-column\"><\/div>\n<\/div>\n<\/div>\n<\/div>\n<\/div>\n<\/div>\n<\/div>\n<div class=\"fusion-fullwidth fullwidth-box fusion-builder-row-2 fusion-flex-container has-pattern-background has-mask-background nonhundred-percent-fullwidth non-hundred-percent-height-scrolling\" style=\"--awb-border-radius-top-left:0px;--awb-border-radius-top-right:0px;--awb-border-radius-bottom-right:0px;--awb-border-radius-bottom-left:0px;--awb-padding-top:50px;--awb-padding-bottom:50px;--awb-flex-wrap:wrap;\" >\n<div class=\"fusion-builder-row fusion-row fusion-flex-align-items-flex-start fusion-flex-content-wrap\" style=\"max-width:104%;margin-left: calc(-4% \/ 2 );margin-right: calc(-4% \/ 2 );\">\n<div class=\"fusion-layout-column fusion_builder_column fusion-builder-column-1 fusion_builder_column_1_1 1_1 fusion-flex-column cw-container\" style=\"--awb-bg-size:cover;--awb-width-large:100%;--awb-margin-top-large:0px;--awb-spacing-right-large:1.92%;--awb-margin-bottom-large:20px;--awb-spacing-left-large:1.92%;--awb-width-medium:100%;--awb-order-medium:0;--awb-spacing-right-medium:1.92%;--awb-spacing-left-medium:1.92%;--awb-width-small:100%;--awb-order-small:0;--awb-spacing-right-small:1.92%;--awb-spacing-left-small:1.92%;\" data-scroll-devices=\"small-visibility,medium-visibility,large-visibility\">\n<div class=\"fusion-column-wrapper fusion-column-has-shadow fusion-flex-justify-content-flex-start fusion-content-layout-column\">\n<div class=\"fusion-builder-row fusion-builder-row-inner fusion-row fusion-flex-align-items-flex-start fusion-flex-content-wrap\" style=\"--awb-flex-grow:0;--awb-flex-grow-medium:0;--awb-flex-grow-small:0;--awb-flex-shrink:0;--awb-flex-shrink-medium:0;--awb-flex-shrink-small:0;width:104% !important;max-width:104% !important;margin-left: calc(-4% \/ 2 );margin-right: calc(-4% \/ 2 );\">\n<div class=\"fusion-layout-column fusion_builder_column_inner fusion-builder-nested-column-2 fusion_builder_column_inner_2_3 2_3 fusion-flex-column\" style=\"--awb-bg-size:cover;--awb-width-large:66.666666666667%;--awb-margin-top-large:0px;--awb-spacing-right-large:2.88%;--awb-margin-bottom-large:20px;--awb-spacing-left-large:2.88%;--awb-width-medium:100%;--awb-order-medium:0;--awb-spacing-right-medium:1.92%;--awb-spacing-left-medium:1.92%;--awb-width-small:100%;--awb-order-small:0;--awb-spacing-right-small:1.92%;--awb-spacing-left-small:1.92%;\">\n<div class=\"fusion-column-wrapper fusion-column-has-shadow fusion-flex-justify-content-flex-start fusion-content-layout-column\">\n<div class=\"fusion-text fusion-text-2\">\n<div class=\"forminator-ui forminator-custom-form forminator-custom-form-1383 forminator-design--material  forminator_ajax\" data-forminator-render=\"0\" data-form=\"forminator-module-1383\" data-uid=\"69e16ffddd961\"><\/div>\n<form\n\t\t\t\tid=\"forminator-module-1383\"\n\t\t\t\tclass=\"forminator-ui forminator-custom-form forminator-custom-form-1383 forminator-design--material  forminator_ajax\"\n\t\t\t\tmethod=\"post\"\n\t\t\t\tdata-forminator-render=\"0\"\n\t\t\t\tdata-form-id=\"1383\"\n\t\t\t\t data-color-option=\"default\" data-design=\"material\" data-grid=\"open\" style=\"display: none;\"\n\t\t\t\tdata-uid=\"69e16ffddd961\" action=\"\"\n\t\t\t><\/p>\n<div role=\"alert\" aria-live=\"polite\" class=\"forminator-response-message forminator-error\" aria-hidden=\"true\"><\/div>\n<div class=\"forminator-row\">\n<div id=\"name-1\" class=\"forminator-field-name forminator-col forminator-col-12\">\n<div class=\"forminator-row forminator-no-margin\" data-multiple=\"true\">\n<div class=\"forminator-col forminator-col-md-6\">\n<div class=\"forminator-field\"><label for=\"forminator-field-first-name-1_69e16ffddd961\" id=\"forminator-field-first-name-1_69e16ffddd961-label\" class=\"forminator-label\">Pr\u00e9nom <span class=\"forminator-required\">*<\/span><\/label><input type=\"text\" name=\"name-1-first-name\" placeholder=\"Par exemple Jean\" id=\"forminator-field-first-name-1_69e16ffddd961\" class=\"forminator-input\" aria-required=\"true\" data-multi=\"1\" autocomplete=\"given-name\" value=\"\" \/><\/div>\n<\/div>\n<div class=\"forminator-col forminator-col-md-6\">\n<div class=\"forminator-field\"><label for=\"forminator-field-last-name-1_69e16ffddd961\" id=\"forminator-field-last-name-1_69e16ffddd961-label\" class=\"forminator-label\">Nom de famille <span class=\"forminator-required\">*<\/span><\/label><input type=\"text\" name=\"name-1-last-name\" placeholder=\"Par exemple, la biche\" id=\"forminator-field-last-name-1_69e16ffddd961\" class=\"forminator-input\" aria-required=\"true\" data-multi=\"1\" autocomplete=\"family-name\" value=\"\" \/><\/div>\n<\/div>\n<\/div>\n<\/div>\n<\/div>\n<div class=\"forminator-row\">\n<div id=\"email-1\" class=\"forminator-field-email forminator-col forminator-col-6\">\n<div class=\"forminator-field\"><label for=\"forminator-field-email-1_69e16ffddd961\" id=\"forminator-field-email-1_69e16ffddd961-label\" class=\"forminator-label\">Adresse e-mail <span class=\"forminator-required\">*<\/span><\/label><input type=\"email\" name=\"email-1\" value=\"\" placeholder=\"Par exemple john@doe.com\" id=\"forminator-field-email-1_69e16ffddd961\" class=\"forminator-input forminator-email--field\" data-required=\"true\" aria-required=\"true\" autocomplete=\"email\" \/><\/div>\n<\/div>\n<div id=\"phone-1\" class=\"forminator-field-phone forminator-col forminator-col-6\">\n<div class=\"forminator-field\"><label for=\"forminator-field-phone-1_69e16ffddd961\" id=\"forminator-field-phone-1_69e16ffddd961-label\" class=\"forminator-label\">Num\u00e9ro de t\u00e9l\u00e9phone<\/label><input type=\"text\" name=\"phone-1\" value=\"\" placeholder=\"Par exemple +1 3004005000\" id=\"forminator-field-phone-1_69e16ffddd961\" class=\"forminator-input forminator-field--phone\" data-required=\"\" aria-required=\"false\" autocomplete=\"off\" data-validation=\"1\" \/><\/div>\n<\/div>\n<\/div>\n<div class=\"forminator-row\">\n<div id=\"text-2\" class=\"forminator-field-text forminator-col forminator-col-6\">\n<div class=\"forminator-field\"><label for=\"forminator-field-text-2_69e16ffddd961\" id=\"forminator-field-text-2_69e16ffddd961-label\" class=\"forminator-label\">Nom de l&#039;entreprise<\/label><input type=\"text\" name=\"text-2\" value=\"\" placeholder=\"Par exemple, espace r\u00e9serv\u00e9 au texte\" id=\"forminator-field-text-2_69e16ffddd961\" class=\"forminator-input forminator-name--field\" data-required=\"\" \/><\/div>\n<\/div>\n<div id=\"text-1\" class=\"forminator-field-text forminator-col forminator-col-6  wpcf7-form-control-wrap\">\n<div class=\"forminator-field\"><label for=\"forminator-field-text-1_69e16ffddd961\" id=\"forminator-field-text-1_69e16ffddd961-label\" class=\"forminator-label\">Pays<\/label><input type=\"text\" name=\"text-1\" value=\"\" placeholder=\"\" id=\"forminator-field-text-1_69e16ffddd961\" class=\"forminator-input forminator-name--field\" data-required=\"\" \/><\/div>\n<\/div>\n<\/div>\n<div class=\"forminator-row\">\n<div id=\"textarea-1\" class=\"forminator-field-textarea forminator-col forminator-col-12\">\n<div class=\"forminator-field\"><label for=\"forminator-field-textarea-1_69e16ffddd961\" id=\"forminator-field-textarea-1_69e16ffddd961-label\" class=\"forminator-label\">Votre message<\/label><textarea name=\"textarea-1\" placeholder=\"\" id=\"forminator-field-textarea-1_69e16ffddd961\" class=\"forminator-textarea\" rows=\"6\" style=\"--forminator-textarea-min-height:140px;\" maxlength=\"2500\" ><\/textarea><span id=\"forminator-field-textarea-1_69e16ffddd961-description\" class=\"forminator-description\"><span data-limit=\"2500\" data-type=\"characters\" data-editor=\"\">0 \/ 2500<\/span><\/span><\/div>\n<\/div>\n<\/div>\n<div class=\"forminator-row\" style=\"margin: 0;\">\n<div id=\"captcha-1\" class=\"forminator-field-captcha  forminator-col-12\">\n<div class=\"forminator-captcha-left forminator-g-recaptcha recaptcha-invisible\" data-theme=\"light\" data-badge=\"bottomright\" data-sitekey=\"6LeGEXklAAAAAO5s-t6Vhml0-0NBQxkFTWIT2MKc\" data-size=\"invisible\"><\/div>\n<\/p><\/div>\n<\/div>\n<div class=\"forminator-row forminator-hidden\">\n<div id=\"hidden-1\" class=\"forminator-field-hidden  forminator-col-12\"><input type=\"hidden\" id=\"hidden-1_69e16ffddd961\" name=\"hidden-1\" value=\"https:\/\/ext.m2mgs.com\/fr\/contact-us\/\" \/><\/div>\n<\/div>\n<div class=\"forminator-row forminator-hidden\">\n<div id=\"hidden-2\" class=\"forminator-field-hidden  forminator-col-12\"><input type=\"hidden\" id=\"hidden-2_69e16ffddd961\" name=\"hidden-2\" value=\"https:\/\/ext.m2mgs.com\/fr\/contact-us\/\" \/><\/div>\n<\/div>\n<div class=\"forminator-row\">\n<div id=\"rating-1\" class=\"forminator-field-rating forminator-col forminator-col-12\">\n<div class=\"forminator-field\"><label for=\"forminator-field-rating-1_69e16ffddd961\" id=\"forminator-field-rating-1_69e16ffddd961-label\" class=\"forminator-label\">Notation<\/label><select name=\"rating-1\" id=\"forminator-field-rating-1_69e16ffddd961\" class=\"forminator-rating\" aria-errormessage=\"forminator-field-rating-1_69e16ffddd961-error\" data-type=\"star\" data-size=\"md\" data-suffix=\"true\" aria-describedby=\"forminator-field-rating-1_69e16ffddd961-description\" aria-labelledby=\"forminator-field-rating-1_69e16ffddd961-label\" data-default-value=\"0\"><option value=\"0\" selected=\"selected\" disabled>0<\/option><option value=\"1\" >1<\/option><option value=\"2\" >2<\/option><option value=\"3\" >3<\/option><option value=\"4\" >4<\/option><option value=\"5\" >5<\/option><\/select><span id=\"forminator-field-rating-1_69e16ffddd961-description\" class=\"forminator-description\">D\u00e9crivez votre exp\u00e9rience client avec notre site web, nos services, nos solutions de connectivit\u00e9\u2026<\/span><\/div>\n<\/div>\n<\/div>\n<p><input type=\"hidden\" name=\"referer_url\" value=\"\" \/><\/p>\n<div class=\"forminator-row forminator-row-last\">\n<div class=\"forminator-col\">\n<div class=\"forminator-field\"><button class=\"forminator-button forminator-button-submit\"><span>Soumettre une demande<\/span><span aria-hidden=\"true\"><\/span><\/button><\/div>\n<\/div>\n<\/div>\n<p><input type=\"hidden\" id=\"forminator_nonce\" name=\"forminator_nonce\" value=\"fe43025462\" \/><input type=\"hidden\" name=\"_wp_http_referer\" value=\"\/fr\/wp-json\/wp\/v2\/pages\/903\" \/><input type=\"hidden\" name=\"form_id\" value=\"1383\"><input type=\"hidden\" name=\"page_id\" value=\"903\"><input type=\"hidden\" name=\"form_type\" value=\"default\"><input type=\"hidden\" name=\"current_url\" value=\"https:\/\/ext.m2mgs.com\/fr\/contact-us\/\"><input type=\"hidden\" name=\"render_id\" value=\"0\"><input type=\"hidden\" name=\"action\" value=\"forminator_submit_form_custom-forms\"><input type=\"hidden\" name=\"trp-form-language\" value=\"fr\"\/><\/form>\n<\/div>\n<\/div>\n<\/div>\n<div class=\"fusion-layout-column fusion_builder_column_inner fusion-builder-nested-column-3 fusion_builder_column_inner_1_3 1_3 fusion-flex-column\" style=\"--awb-bg-size:cover;--awb-width-large:33.333333333333%;--awb-margin-top-large:0px;--awb-spacing-right-large:5.76%;--awb-margin-bottom-large:20px;--awb-spacing-left-large:5.76%;--awb-width-medium:100%;--awb-order-medium:0;--awb-spacing-right-medium:1.92%;--awb-spacing-left-medium:1.92%;--awb-width-small:100%;--awb-order-small:0;--awb-spacing-right-small:1.92%;--awb-spacing-left-small:1.92%;\">\n<div class=\"fusion-column-wrapper fusion-column-has-shadow fusion-flex-justify-content-flex-start fusion-content-layout-column\">\n<div class=\"fusion-text fusion-text-3\">\n<p>M2M Global Solutions Ltd.<\/p>\n<div class=\"fusion-fa-align-left\"><i class=\"fb-icon-element-1 fb-icon-element fontawesome-icon fa fa-home circle-yes\" style=\"--awb-iconcolor:#009dbc;--awb-iconcolor-hover:#009dbc;--awb-circlecolor:#e5e5e5;--awb-circlecolor-hover:#e5e5e5;--awb-circlebordercolor:#ffffff;--awb-circlebordercolor-hover:#ffffff;--awb-circlebordersize:1px;--awb-font-size:13.2px;--awb-width:26.4px;--awb-height:26.4px;--awb-line-height:24.4px;--awb-margin-right:7.5px;\"><\/i><\/div>\n<p>20-22 Wenlock Road, Londres<br \/>\nN1 7GU, Royaume-Uni<\/p>\n<div class=\"fusion-fa-align-left\"><i class=\"fb-icon-element-2 fb-icon-element fontawesome-icon fa fa-university circle-yes\" style=\"--awb-iconcolor:#009dbc;--awb-iconcolor-hover:#009dbc;--awb-circlecolor:#e5e5e5;--awb-circlecolor-hover:#e5e5e5;--awb-circlebordercolor:#ffffff;--awb-circlebordercolor-hover:#ffffff;--awb-circlebordersize:1px;--awb-font-size:13.2px;--awb-width:26.4px;--awb-height:26.4px;--awb-line-height:24.4px;--awb-margin-right:7.5px;\"><\/i><\/div>\n<p>Num\u00e9ro d&#039;entreprise<br \/>\n08488131<\/p>\n<\/div>\n<div class=\"fusion-text fusion-text-4\">\n<p><iframe class=\"lazyload\" style=\"border: 0;\" src=\"data:image\/svg+xml,%3Csvg%20xmlns%3D%27http%3A%2F%2Fwww.w3.org%2F2000%2Fsvg%27%20width%3D%27100%27%20height%3D%27400%27%20viewBox%3D%270%200%20100%20400%27%3E%3Crect%20width%3D%27100%27%20height%3D%27400%27%20fill-opacity%3D%220%22%2F%3E%3C%2Fsvg%3E\" data-orig-src=\"https:\/\/www.google.com\/maps\/embed?pb=!1m18!1m12!1m3!1d2482.05360822729!2d-0.09612032191067733!3d51.530576571818685!2m3!1f0!2f0!3f0!3m2!1i1024!2i768!4f13.1!3m3!1m2!1s0x48761dbc013f96e5%3A0xa0dc466feb1962e5!2sM2M%20Global%20Solutions%20Ltd.!5e0!3m2!1sen!2suk!4v1696597429919!5m2!1sen!2suk\" width=\"100%\" height=\"400\" allowfullscreen=\"allowfullscreen\"><\/iframe><\/p>\n<\/div>\n<\/div>\n<\/div>\n<\/div>\n<\/div>\n<\/div>\n<\/div>\n<\/div>","protected":false},"excerpt":{"rendered":"","protected":false},"author":4,"featured_media":0,"parent":0,"menu_order":0,"comment_status":"closed","ping_status":"closed","template":"","meta":{"footnotes":""},"class_list":["post-903","page","type-page","status-publish","hentry"],"_links":{"self":[{"href":"https:\/\/ext.m2mgs.com\/fr\/wp-json\/wp\/v2\/pages\/903","targetHints":{"allow":["GET"]}}],"collection":[{"href":"https:\/\/ext.m2mgs.com\/fr\/wp-json\/wp\/v2\/pages"}],"about":[{"href":"https:\/\/ext.m2mgs.com\/fr\/wp-json\/wp\/v2\/types\/page"}],"author":[{"embeddable":true,"href":"https:\/\/ext.m2mgs.com\/fr\/wp-json\/wp\/v2\/users\/4"}],"replies":[{"embeddable":true,"href":"https:\/\/ext.m2mgs.com\/fr\/wp-json\/wp\/v2\/comments?post=903"}],"version-history":[{"count":53,"href":"https:\/\/ext.m2mgs.com\/fr\/wp-json\/wp\/v2\/pages\/903\/revisions"}],"predecessor-version":[{"id":2213,"href":"https:\/\/ext.m2mgs.com\/fr\/wp-json\/wp\/v2\/pages\/903\/revisions\/2213"}],"wp:attachment":[{"href":"https:\/\/ext.m2mgs.com\/fr\/wp-json\/wp\/v2\/media?parent=903"}],"curies":[{"name":"wp","href":"https:\/\/api.w.org\/{rel}","templated":true}]}}