{"id":209,"date":"2015-10-03T06:39:47","date_gmt":"2015-10-03T06:39:47","guid":{"rendered":"https:\/\/ext.m2mgs.com\/?page_id=209"},"modified":"2019-04-09T15:40:21","modified_gmt":"2019-04-09T15:40:21","slug":"industries","status":"publish","type":"page","link":"https:\/\/ext.m2mgs.com\/pt\/about\/industries\/","title":{"rendered":"Ind\u00fastrias"},"content":{"rendered":"<div class=\"fusion-fullwidth fullwidth-box fusion-builder-row-1 fusion-flex-container nonhundred-percent-fullwidth non-hundred-percent-height-scrolling\" style=\"--awb-background-position:left top;--awb-border-radius-top-left:0px;--awb-border-radius-top-right:0px;--awb-border-radius-bottom-right:0px;--awb-border-radius-bottom-left:0px;--awb-padding-top:20px;--awb-padding-right:20px;--awb-padding-bottom:20px;--awb-padding-left:20px;--awb-border-sizes-top:0px;--awb-border-sizes-bottom:0px;--awb-flex-wrap:wrap;\" ><div class=\"fusion-builder-row fusion-row fusion-flex-align-items-flex-start fusion-flex-content-wrap\" style=\"max-width:calc( 100% + 0px );margin-left: calc(-0px \/ 2 );margin-right: calc(-0px \/ 2 );\"><div class=\"fusion-layout-column fusion_builder_column fusion-builder-column-0 fusion_builder_column_1_1 1_1 fusion-flex-column fusion-flex-align-self-flex-start fusion-column-no-min-height\" style=\"--awb-bg-size:cover;--awb-width-large:100%;--awb-margin-top-large:0px;--awb-spacing-right-large:0px;--awb-margin-bottom-large:0px;--awb-spacing-left-large:0px;--awb-width-medium:100%;--awb-spacing-right-medium:0px;--awb-spacing-left-medium:0px;--awb-width-small:100%;--awb-spacing-right-small:0px;--awb-spacing-left-small:0px;\"><div class=\"fusion-column-wrapper fusion-flex-justify-content-flex-start fusion-content-layout-column\"><div class=\"fusion-title title fusion-title-1 fusion-sep-none fusion-title-text fusion-title-size-one\" style=\"--awb-margin-top-small:10px;--awb-margin-right-small:0px;--awb-margin-bottom-small:10px;--awb-margin-left-small:0px;\"><h1 class=\"fusion-title-heading title-heading-left\" style=\"margin:0;\">Ind\u00fastrias<\/h1><\/div><\/div><\/div><div class=\"fusion-layout-column fusion_builder_column fusion-builder-column-1 fusion_builder_column_1_1 1_1 fusion-flex-column fusion-flex-align-self-flex-start fusion-column-no-min-height\" style=\"--awb-bg-size:cover;--awb-width-large:100%;--awb-margin-top-large:0px;--awb-spacing-right-large:0px;--awb-margin-bottom-large:0px;--awb-spacing-left-large:0px;--awb-width-medium:100%;--awb-spacing-right-medium:0px;--awb-spacing-left-medium:0px;--awb-width-small:100%;--awb-spacing-right-small:0px;--awb-spacing-left-small:0px;\"><div class=\"fusion-column-wrapper fusion-flex-justify-content-flex-start fusion-content-layout-column\"><div class=\"fusion-title title fusion-title-2 fusion-sep-none fusion-title-text fusion-title-size-two\" style=\"--awb-margin-top-small:10px;--awb-margin-right-small:0px;--awb-margin-bottom-small:10px;--awb-margin-left-small:0px;\"><h2 class=\"fusion-title-heading title-heading-left\" style=\"margin:0;\">Rastreamento de Cont\u00eaineres<\/h2><\/div><div class=\"fusion-text fusion-text-1\"><p>Companhias de navega\u00e7\u00e3o em todo o mundo enviam muitas toneladas de itens anualmente. Todos esses itens, no valor de trilh\u00f5es, s\u00e3o embalados e despachados em cont\u00eaineres que s\u00e3o colocados em navios cargueiros ou avi\u00f5es para transitar at\u00e9 seu destino. Mais de 6 milh\u00f5es de cont\u00eaineres em enormes navios de carga est\u00e3o navegando pelos altos mares da Terra agora. Em 2013, a ind\u00fastria de navega\u00e7\u00e3o internacional movimentou 120 milh\u00f5es de cont\u00eaineres no valor estimado de $4 trilh\u00f5es.<\/p>\n<p>Todos os anos, dezenas de milhares desses cont\u00eaineres desaparecem e nunca mais s\u00e3o vistos, causando perdas financeiras para empresas de navega\u00e7\u00e3o e propriet\u00e1rios individuais. Alguns cont\u00eaineres s\u00e3o roubados por sindicatos organizados, outros embarques s\u00e3o interrompidos por piratas e eventos naturais catastr\u00f3ficos ou acidentes comuns podem ocorrer ao longo do caminho.<\/p>\n<p>Nosso sistema de rastreamento GPS de cont\u00eaineres fornece monitoramento constante dos cont\u00eaineres durante toda a jornada, desde a f\u00e1brica at\u00e9 o destino. Seja passando por pontos de fiscaliza\u00e7\u00e3o alfandeg\u00e1ria ou parando em portos ou mesmo quando o cont\u00eainer est\u00e1 em caminh\u00f5es ou trens, o sistema monitora a todo momento a localiza\u00e7\u00e3o dos cont\u00eaineres e as condi\u00e7\u00f5es da carga. Incid\u00eancias de arrombamentos, aberturas n\u00e3o autorizadas ou anomalias de temperatura s\u00e3o capturadas por nosso dispositivo de rastreamento de ativos em todo o mundo.<\/p>\n<\/div><\/div><\/div><div class=\"fusion-layout-column fusion_builder_column fusion-builder-column-2 fusion_builder_column_1_1 1_1 fusion-flex-column fusion-flex-align-self-flex-start fusion-column-no-min-height\" style=\"--awb-bg-size:cover;--awb-width-large:100%;--awb-margin-top-large:0px;--awb-spacing-right-large:0px;--awb-margin-bottom-large:0px;--awb-spacing-left-large:0px;--awb-width-medium:100%;--awb-spacing-right-medium:0px;--awb-spacing-left-medium:0px;--awb-width-small:100%;--awb-spacing-right-small:0px;--awb-spacing-left-small:0px;\"><div class=\"fusion-column-wrapper fusion-flex-justify-content-flex-start fusion-content-layout-column\"><div class=\"fusion-title title fusion-title-3 fusion-sep-none fusion-title-text fusion-title-size-two\" style=\"--awb-margin-top-small:10px;--awb-margin-right-small:0px;--awb-margin-bottom-small:10px;--awb-margin-left-small:0px;\"><h2 class=\"fusion-title-heading title-heading-left\" style=\"margin:0;\">Rastreamento GPS de ve\u00edculos<\/h2><\/div><div class=\"fusion-text fusion-text-2\"><p>Nossa solu\u00e7\u00e3o GPS de Rastreamento de Ve\u00edculos facilita o rastreamento do seu ve\u00edculo, seja voc\u00ea uma empresa ou propriet\u00e1rio de um ve\u00edculo particular. Nossa unidade de rastreamento GPS foi projetada para ser montada secretamente em um ve\u00edculo, com um software especial de rastreamento de localiza\u00e7\u00e3o GPS que mostra a localiza\u00e7\u00e3o geogr\u00e1fica exata do seu ve\u00edculo.<\/p>\n<p>Mesmo quando a unidade de GPS do ve\u00edculo foi cortada da eletricidade ou a antena foi quebrada, nossa solu\u00e7\u00e3o de rastreamento ainda ir\u00e1 localiz\u00e1-lo gra\u00e7as \u00e0 sua bateria interna de backup e tecnologia de triangula\u00e7\u00e3o celular.<\/p>\n<\/div><\/div><\/div><div class=\"fusion-layout-column fusion_builder_column fusion-builder-column-3 fusion_builder_column_1_1 1_1 fusion-flex-column fusion-flex-align-self-flex-start fusion-column-no-min-height\" style=\"--awb-bg-size:cover;--awb-width-large:100%;--awb-margin-top-large:0px;--awb-spacing-right-large:0px;--awb-margin-bottom-large:0px;--awb-spacing-left-large:0px;--awb-width-medium:100%;--awb-spacing-right-medium:0px;--awb-spacing-left-medium:0px;--awb-width-small:100%;--awb-spacing-right-small:0px;--awb-spacing-left-small:0px;\"><div class=\"fusion-column-wrapper fusion-flex-justify-content-flex-start fusion-content-layout-column\"><div class=\"fusion-title title fusion-title-4 fusion-sep-none fusion-title-text fusion-title-size-two\" style=\"--awb-margin-top-small:10px;--awb-margin-right-small:0px;--awb-margin-bottom-small:10px;--awb-margin-left-small:0px;\"><h2 class=\"fusion-title-heading title-heading-left\" style=\"margin:0;\">Ind\u00fastria de constru\u00e7\u00e3o<\/h2><\/div><div class=\"fusion-text fusion-text-3\"><p>Muitas m\u00e1quinas pesadas e caras s\u00e3o utilizadas diariamente em canteiros de obras em todo o mundo. Muitos desses equipamentos s\u00e3o alugados, da\u00ed a necessidade de garantir que estejam protegidos contra danos e roubos. Tamb\u00e9m \u00e9 fundamental usar esses ativos caros com efici\u00eancia. Nossa plataforma de rastreamento GPS inteligente ajuda a medir o tempo de trabalho, bem como a dist\u00e2ncia percorrida pelo equipamento do canteiro de obras, desde m\u00e1quinas de movimenta\u00e7\u00e3o de terra at\u00e9 guindastes e torres m\u00f3veis, caminh\u00f5es pesados e ve\u00edculos de servi\u00e7o. Ele tamb\u00e9m suporta amplos recursos de alarme e relat\u00f3rios, como alertas quando uma m\u00e1quina est\u00e1 sendo roubada e movida para fora de sua zona de cerca geogr\u00e1fica designada.<\/p>\n<\/div><\/div><\/div><div class=\"fusion-layout-column fusion_builder_column fusion-builder-column-4 fusion_builder_column_1_1 1_1 fusion-flex-column fusion-flex-align-self-flex-start fusion-column-no-min-height\" style=\"--awb-bg-size:cover;--awb-width-large:100%;--awb-margin-top-large:0px;--awb-spacing-right-large:0px;--awb-margin-bottom-large:0px;--awb-spacing-left-large:0px;--awb-width-medium:100%;--awb-spacing-right-medium:0px;--awb-spacing-left-medium:0px;--awb-width-small:100%;--awb-spacing-right-small:0px;--awb-spacing-left-small:0px;\"><div class=\"fusion-column-wrapper fusion-flex-justify-content-flex-start fusion-content-layout-column\"><div class=\"fusion-title title fusion-title-5 fusion-sep-none fusion-title-text fusion-title-size-two\" style=\"--awb-margin-top-small:10px;--awb-margin-right-small:0px;--awb-margin-bottom-small:10px;--awb-margin-left-small:0px;\"><h2 class=\"fusion-title-heading title-heading-left\" style=\"margin:0;\">Transporte e Log\u00edstica<\/h2><\/div><div class=\"fusion-text fusion-text-4\"><p>Uma empresa de log\u00edstica com frota de caminh\u00f5es precisa de um sistema de rastreamento de caminh\u00f5es que ofere\u00e7a rastreamento em tempo real com detalhes precisos sobre velocidade, cansa\u00e7o do motorista, onde param para dormir ou descansar e se est\u00e3o seguindo rotas autorizadas. Quando voc\u00ea tem todos esses dados rapidamente, fica f\u00e1cil lidar com emerg\u00eancias e aumentar a efici\u00eancia.<\/p>\n<p>Um bom sistema de rastreamento GPS elimina a chance de perder alguma coisa. Nosso sistema garante que cada a\u00e7\u00e3o seja registrada automaticamente pelo dispositivo de rastreamento e transmitida imediatamente ao nosso sistema de rastreamento por GPS. Os dados do relat\u00f3rio est\u00e3o dispon\u00edveis no PC do escrit\u00f3rio ou em um celular equipado com nosso aplicativo de rastreamento. Voc\u00ea fica rapidamente ciente de roubos, acidentes, mau tempo, excesso de velocidade ou comportamento anti\u00e9tico de um motorista. Se o seu ve\u00edculo for sequestrado, voc\u00ea detectar\u00e1 imediatamente o incidente e tomar\u00e1 as provid\u00eancias.<\/p>\n<\/div><\/div><\/div><div class=\"fusion-layout-column fusion_builder_column fusion-builder-column-5 fusion_builder_column_1_1 1_1 fusion-flex-column fusion-flex-align-self-flex-start fusion-column-no-min-height\" style=\"--awb-bg-size:cover;--awb-width-large:100%;--awb-margin-top-large:0px;--awb-spacing-right-large:0px;--awb-margin-bottom-large:0px;--awb-spacing-left-large:0px;--awb-width-medium:100%;--awb-spacing-right-medium:0px;--awb-spacing-left-medium:0px;--awb-width-small:100%;--awb-spacing-right-small:0px;--awb-spacing-left-small:0px;\"><div class=\"fusion-column-wrapper fusion-flex-justify-content-flex-start fusion-content-layout-column\"><div class=\"fusion-title title fusion-title-6 fusion-sep-none fusion-title-text fusion-title-size-two\" style=\"--awb-margin-top-small:10px;--awb-margin-right-small:0px;--awb-margin-bottom-small:10px;--awb-margin-left-small:0px;\"><h2 class=\"fusion-title-heading title-heading-left\" style=\"margin:0;\">Rastreando entes queridos<\/h2><\/div><div class=\"fusion-text fusion-text-5\"><p>\u00c9 um facto que os nossos estilos de vida extremamente exigentes apresentam grandes desafios, tornando cada vez mais imposs\u00edvel vigiar fisicamente os nossos entes queridos em todos os momentos, especialmente os vulner\u00e1veis como crian\u00e7as, av\u00f3s, doentes e animais de estima\u00e7\u00e3o. Embora fosse maravilhoso se pud\u00e9ssemos estar na presen\u00e7a deles o tempo todo, saber exatamente onde eles est\u00e3o e o que est\u00e3o fazendo \u00e9 um substituto pr\u00f3ximo para estar l\u00e1.<\/p>\n<p>Gra\u00e7as \u00e0 moderna tecnologia do Sistema de Posicionamento Global (GPS), agora voc\u00ea pode substituir a preocupa\u00e7\u00e3o por miniunidades GPS inteligentes e n\u00e3o intrusivas. Simplesmente d\u00ea a eles o rastreador (por exemplo, rastreador GPS para crian\u00e7as ou coleiras GPS para c\u00e3es ou gatos) e monitore seus movimentos e localiza\u00e7\u00f5es por meio de um portal da Web ou em seu telefone celular por meio de nossos aplicativos Android e iOS.<\/p>\n<\/div><\/div><\/div><\/div><\/div>","protected":false},"excerpt":{"rendered":"","protected":false},"author":2,"featured_media":0,"parent":86,"menu_order":0,"comment_status":"closed","ping_status":"closed","template":"","meta":{"footnotes":""},"class_list":["post-209","page","type-page","status-publish","hentry"],"_links":{"self":[{"href":"https:\/\/ext.m2mgs.com\/pt\/wp-json\/wp\/v2\/pages\/209","targetHints":{"allow":["GET"]}}],"collection":[{"href":"https:\/\/ext.m2mgs.com\/pt\/wp-json\/wp\/v2\/pages"}],"about":[{"href":"https:\/\/ext.m2mgs.com\/pt\/wp-json\/wp\/v2\/types\/page"}],"author":[{"embeddable":true,"href":"https:\/\/ext.m2mgs.com\/pt\/wp-json\/wp\/v2\/users\/2"}],"replies":[{"embeddable":true,"href":"https:\/\/ext.m2mgs.com\/pt\/wp-json\/wp\/v2\/comments?post=209"}],"version-history":[{"count":13,"href":"https:\/\/ext.m2mgs.com\/pt\/wp-json\/wp\/v2\/pages\/209\/revisions"}],"predecessor-version":[{"id":1123,"href":"https:\/\/ext.m2mgs.com\/pt\/wp-json\/wp\/v2\/pages\/209\/revisions\/1123"}],"up":[{"embeddable":true,"href":"https:\/\/ext.m2mgs.com\/pt\/wp-json\/wp\/v2\/pages\/86"}],"wp:attachment":[{"href":"https:\/\/ext.m2mgs.com\/pt\/wp-json\/wp\/v2\/media?parent=209"}],"curies":[{"name":"wp","href":"https:\/\/api.w.org\/{rel}","templated":true}]}}